{"id":68,"date":"2023-11-20T12:02:50","date_gmt":"2023-11-20T12:02:50","guid":{"rendered":"https:\/\/franquiciasymarcas.com\/?page_id=68"},"modified":"2023-11-21T12:58:45","modified_gmt":"2023-11-21T12:58:45","slug":"beneficios","status":"publish","type":"page","link":"https:\/\/franquiciasymarcas.com\/?page_id=68","title":{"rendered":"Beneficios"},"content":{"rendered":"\n<div class=\"wp-block-group alignfull has-base-background-color has-background has-global-padding is-layout-constrained wp-container-core-group-is-layout-669513ed wp-block-group-is-layout-constrained\" style=\"margin-top:0;margin-bottom:0;padding-top:var(--wp--preset--spacing--50);padding-right:var(--wp--preset--spacing--50);padding-bottom:var(--wp--preset--spacing--50);padding-left:var(--wp--preset--spacing--50)\">\n<div class=\"wp-block-group alignfull has-base-2-background-color has-background has-global-padding is-layout-constrained wp-container-core-group-is-layout-d89aad35 wp-block-group-is-layout-constrained\" style=\"margin-top:0;margin-bottom:0;padding-top:var(--wp--preset--spacing--50);padding-right:var(--wp--preset--spacing--50);padding-bottom:var(--wp--preset--spacing--50);padding-left:var(--wp--preset--spacing--50)\">\n<div class=\"wp-block-group alignwide has-global-padding is-layout-constrained wp-container-core-group-is-layout-19e250f3 wp-block-group-is-layout-constrained\">\n<div style=\"height:var(--wp--preset--spacing--40)\" aria-hidden=\"true\" class=\"wp-block-spacer\"><\/div>\n\n\n\n<div class=\"wp-block-columns alignwide is-layout-flex wp-container-core-columns-is-layout-d1c656ed wp-block-columns-is-layout-flex\">\n<div class=\"wp-block-column is-vertically-aligned-center is-layout-flow wp-block-column-is-layout-flow\" style=\"flex-basis:40%\">\n<h3 class=\"wp-block-heading is-style-asterisk has-contrast-color has-text-color has-link-color wp-elements-500a5df317abd3a83d0a4d5ab4ca24ca\">Crecimiento acelerado<\/h3>\n\n\n\n<p>Al convertir tu marca en una franquicia, puedes experimentar un crecimiento acelerado al expandir r\u00e1pidamente tu presencia en diferentes ubicaciones y mercados. Esto te brinda la oportunidad de llegar a m\u00e1s clientes y aumentar tu alcance de manera significativa.<\/p>\n<\/div>\n\n\n\n<div class=\"wp-block-column has-base-2-background-color has-background is-layout-flow wp-block-column-is-layout-flow\" style=\"flex-basis:50%\">\n<figure class=\"wp-block-image aligncenter size-large is-resized is-style-rounded is-style-rounded--1\"><img loading=\"lazy\" decoding=\"async\" width=\"1024\" height=\"1024\" src=\"https:\/\/franquiciasymarcas.com\/wp-content\/uploads\/2023\/11\/7-1-1024x1024.png\" alt=\"\" class=\"wp-image-98\" style=\"width:397px;height:auto\" srcset=\"https:\/\/franquiciasymarcas.com\/wp-content\/uploads\/2023\/11\/7-1-1024x1024.png 1024w, https:\/\/franquiciasymarcas.com\/wp-content\/uploads\/2023\/11\/7-1-300x300.png 300w, https:\/\/franquiciasymarcas.com\/wp-content\/uploads\/2023\/11\/7-1-150x150.png 150w, https:\/\/franquiciasymarcas.com\/wp-content\/uploads\/2023\/11\/7-1-768x768.png 768w, https:\/\/franquiciasymarcas.com\/wp-content\/uploads\/2023\/11\/7-1.png 1080w\" sizes=\"auto, (max-width: 1024px) 100vw, 1024px\" \/><\/figure>\n<\/div>\n<\/div>\n\n\n\n<div style=\"height:var(--wp--preset--spacing--40)\" aria-hidden=\"true\" class=\"wp-block-spacer\"><\/div>\n\n\n\n<div class=\"wp-block-columns alignwide is-layout-flex wp-container-core-columns-is-layout-d1c656ed wp-block-columns-is-layout-flex\">\n<div class=\"wp-block-column is-layout-flow wp-block-column-is-layout-flow\" style=\"flex-basis:50%\">\n<figure class=\"wp-block-image aligncenter size-large is-resized is-style-rounded is-style-rounded--2\"><img loading=\"lazy\" decoding=\"async\" width=\"1024\" height=\"1024\" src=\"https:\/\/franquiciasymarcas.com\/wp-content\/uploads\/2023\/11\/2-copia-1024x1024.png\" alt=\"\" class=\"wp-image-24\" style=\"width:477px;height:auto\" srcset=\"https:\/\/franquiciasymarcas.com\/wp-content\/uploads\/2023\/11\/2-copia-1024x1024.png 1024w, https:\/\/franquiciasymarcas.com\/wp-content\/uploads\/2023\/11\/2-copia-300x300.png 300w, https:\/\/franquiciasymarcas.com\/wp-content\/uploads\/2023\/11\/2-copia-150x150.png 150w, https:\/\/franquiciasymarcas.com\/wp-content\/uploads\/2023\/11\/2-copia-768x768.png 768w, https:\/\/franquiciasymarcas.com\/wp-content\/uploads\/2023\/11\/2-copia.png 1080w\" sizes=\"auto, (max-width: 1024px) 100vw, 1024px\" \/><\/figure>\n<\/div>\n\n\n\n<div class=\"wp-block-column is-vertically-aligned-center is-layout-flow wp-block-column-is-layout-flow\" style=\"flex-basis:40%\">\n<h3 class=\"wp-block-heading is-style-asterisk has-contrast-color has-text-color has-link-color wp-elements-2bc9f34cc38649ee2496dbf75f3724fd\"><strong>Reducci\u00f3n de riesgos<\/strong><\/h3>\n\n\n\n<p>Al permitir que otros emprendedores operen bajo tu marca, compartes los riesgos y responsabilidades asociados con la expansi\u00f3n. Esto puede ayudar a reducir la carga financiera y operativa de expandir tu negocio por tu cuenta.<\/p>\n<\/div>\n<\/div>\n<\/div>\n\n\n\n<div class=\"wp-block-group alignwide has-global-padding is-layout-constrained wp-container-core-group-is-layout-19e250f3 wp-block-group-is-layout-constrained\">\n<div style=\"height:var(--wp--preset--spacing--40)\" aria-hidden=\"true\" class=\"wp-block-spacer\"><\/div>\n\n\n\n<div class=\"wp-block-columns alignwide is-layout-flex wp-container-core-columns-is-layout-d1c656ed wp-block-columns-is-layout-flex\">\n<div class=\"wp-block-column is-vertically-aligned-center is-layout-flow wp-block-column-is-layout-flow\" style=\"flex-basis:40%\">\n<h3 class=\"wp-block-heading is-style-asterisk has-contrast-color has-text-color has-link-color wp-elements-11080823d2569ccb40ea11a5805e269a\"><strong>Aumento de ingresos<\/strong><\/h3>\n\n\n\n<p>Al recibir tarifas iniciales y ganancias de tus franquicias, puedes generar ingresos adicionales y aumentar la rentabilidad de tu negocio. Esto puede ser especialmente beneficioso a largo plazo, ya que los ingresos pueden seguir llegando incluso despu\u00e9s de que se haya recuperado la inversi\u00f3n inicial.<\/p>\n<\/div>\n\n\n\n<div class=\"wp-block-column is-layout-flow wp-block-column-is-layout-flow\" style=\"flex-basis:50%\">\n<figure class=\"wp-block-image size-large is-resized is-style-rounded is-style-rounded--3\"><img loading=\"lazy\" decoding=\"async\" width=\"1024\" height=\"1024\" src=\"https:\/\/franquiciasymarcas.com\/wp-content\/uploads\/2023\/11\/5-1-1024x1024.png\" alt=\"\" class=\"wp-image-96\" style=\"width:514px;height:auto\" srcset=\"https:\/\/franquiciasymarcas.com\/wp-content\/uploads\/2023\/11\/5-1-1024x1024.png 1024w, https:\/\/franquiciasymarcas.com\/wp-content\/uploads\/2023\/11\/5-1-300x300.png 300w, https:\/\/franquiciasymarcas.com\/wp-content\/uploads\/2023\/11\/5-1-150x150.png 150w, https:\/\/franquiciasymarcas.com\/wp-content\/uploads\/2023\/11\/5-1-768x768.png 768w, https:\/\/franquiciasymarcas.com\/wp-content\/uploads\/2023\/11\/5-1.png 1080w\" sizes=\"auto, (max-width: 1024px) 100vw, 1024px\" \/><\/figure>\n<\/div>\n<\/div>\n\n\n\n<div style=\"height:var(--wp--preset--spacing--40)\" aria-hidden=\"true\" class=\"wp-block-spacer\"><\/div>\n\n\n\n<div class=\"wp-block-columns alignwide is-layout-flex wp-container-core-columns-is-layout-d1c656ed wp-block-columns-is-layout-flex\">\n<div class=\"wp-block-column is-vertically-aligned-center is-layout-flow wp-block-column-is-layout-flow\" style=\"flex-basis:50%\">\n<figure class=\"wp-block-image size-large is-style-rounded is-style-rounded--4\"><img loading=\"lazy\" decoding=\"async\" width=\"1024\" height=\"1024\" src=\"https:\/\/franquiciasymarcas.com\/wp-content\/uploads\/2023\/11\/7-1-1024x1024.png\" alt=\"\" class=\"wp-image-98\" srcset=\"https:\/\/franquiciasymarcas.com\/wp-content\/uploads\/2023\/11\/7-1-1024x1024.png 1024w, https:\/\/franquiciasymarcas.com\/wp-content\/uploads\/2023\/11\/7-1-300x300.png 300w, https:\/\/franquiciasymarcas.com\/wp-content\/uploads\/2023\/11\/7-1-150x150.png 150w, https:\/\/franquiciasymarcas.com\/wp-content\/uploads\/2023\/11\/7-1-768x768.png 768w, https:\/\/franquiciasymarcas.com\/wp-content\/uploads\/2023\/11\/7-1.png 1080w\" sizes=\"auto, (max-width: 1024px) 100vw, 1024px\" \/><\/figure>\n<\/div>\n\n\n\n<div class=\"wp-block-column is-layout-flow wp-block-column-is-layout-flow\" style=\"flex-basis:40%\">\n<h3 class=\"wp-block-heading is-style-asterisk has-contrast-color has-text-color has-link-color wp-elements-4898372bf20947c2eee0d4d005a1a44e\"><strong><strong>Ventaja competitiva<\/strong><\/strong><\/h3>\n\n\n\n<p>Al convertirte en una franquicia, puedes aprovechar la fuerza de tu marca y aprovechar la experiencia y los recursos con los que cuentas para superar a la competencia. Esto te permite competir de manera m\u00e1s efectiva en el mercado y aumentar tu participaci\u00f3n en el mismo.<\/p>\n<\/div>\n<\/div>\n<\/div>\n<\/div>\n<\/div>\n\n\n\n<div class=\"wp-block-group alignfull has-base-2-color has-contrast-background-color has-text-color has-background has-link-color wp-elements-feb11b36e1264a8d7fe13911d3e7513a has-global-padding is-layout-constrained wp-container-core-group-is-layout-facafb6f wp-block-group-is-layout-constrained\" style=\"margin-top:0;margin-bottom:0;padding-top:var(--wp--preset--spacing--50);padding-right:var(--wp--preset--spacing--50);padding-bottom:var(--wp--preset--spacing--50);padding-left:var(--wp--preset--spacing--50)\">\n<div class=\"wp-block-columns alignwide is-layout-flex wp-container-core-columns-is-layout-d1c656ed wp-block-columns-is-layout-flex\">\n<div class=\"wp-block-column is-vertically-aligned-stretch is-layout-flow wp-block-column-is-layout-flow\" style=\"padding-right:0;flex-basis:60%\">\n<div class=\"wp-block-group is-vertical is-content-justification-stretch is-layout-flex wp-container-core-group-is-layout-ae24f51d wp-block-group-is-layout-flex\" style=\"min-height:100%\">\n<figure class=\"wp-block-image size-large is-resized is-style-rounded is-style-rounded--5\"><img loading=\"lazy\" decoding=\"async\" width=\"1024\" height=\"1024\" src=\"https:\/\/franquiciasymarcas.com\/wp-content\/uploads\/2023\/11\/Diseno-sin-titulo-9-1024x1024.png\" alt=\"\" class=\"wp-image-140\" style=\"object-fit:cover;width:513px;height:auto\" srcset=\"https:\/\/franquiciasymarcas.com\/wp-content\/uploads\/2023\/11\/Diseno-sin-titulo-9-1024x1024.png 1024w, https:\/\/franquiciasymarcas.com\/wp-content\/uploads\/2023\/11\/Diseno-sin-titulo-9-300x300.png 300w, https:\/\/franquiciasymarcas.com\/wp-content\/uploads\/2023\/11\/Diseno-sin-titulo-9-150x150.png 150w, https:\/\/franquiciasymarcas.com\/wp-content\/uploads\/2023\/11\/Diseno-sin-titulo-9-768x768.png 768w, https:\/\/franquiciasymarcas.com\/wp-content\/uploads\/2023\/11\/Diseno-sin-titulo-9.png 1080w\" sizes=\"auto, (max-width: 1024px) 100vw, 1024px\" \/><\/figure>\n<\/div>\n<\/div>\n\n\n\n<div class=\"wp-block-column is-vertically-aligned-center is-layout-flow wp-block-column-is-layout-flow\" style=\"flex-basis:40%\">\n<div class=\"wp-block-group has-global-padding is-layout-constrained wp-block-group-is-layout-constrained\">\n<h2 class=\"wp-block-heading has-text-align-left has-base-2-color has-text-color has-link-color has-x-large-font-size wp-elements-5e4800a9c732aa6a13483848facd4d6d\">Convertir tu marca en una franquicia te brinda la oportunidad de expandirte a nuevos mercados y aumentar tu alcance de manera significativa.<\/h2>\n<\/div>\n<\/div>\n<\/div>\n<\/div>\n\n\n\n<div class=\"wp-block-group alignwide has-global-padding is-layout-constrained wp-block-group-is-layout-constrained\">\n<div class=\"wp-block-group alignwide is-layout-flow wp-block-group-is-layout-flow\" style=\"padding-top:var(--wp--preset--spacing--50);padding-bottom:var(--wp--preset--spacing--50)\">\n<figure class=\"wp-block-image size-full is-resized\"><img decoding=\"async\" src=\"https:\/\/franquiciasymarcas.com\/wp-content\/themes\/twentytwentyfour\/assets\/images\/icon-message.webp\" alt=\"\" style=\"width:40px;height:auto\"\/><\/figure>\n\n\n\n<hr class=\"wp-block-separator has-alpha-channel-opacity is-style-wide\"\/>\n\n\n\n<div class=\"wp-block-columns is-layout-flex wp-container-core-columns-is-layout-633352e7 wp-block-columns-is-layout-flex\" style=\"padding-top:var(--wp--preset--spacing--10)\">\n<div class=\"wp-block-column is-layout-flow wp-block-column-is-layout-flow\" style=\"flex-basis:57%\">\n<h2 class=\"wp-block-heading has-x-large-font-size\">Contacta con nosotros.<\/h2>\n<\/div>\n\n\n\n<div class=\"wp-block-column is-layout-flow wp-block-column-is-layout-flow\" style=\"flex-basis:30%\">\n<div class=\"wp-block-group is-vertical is-layout-flex wp-container-core-group-is-layout-ea0cb840 wp-block-group-is-layout-flex\">\n<h3 class=\"wp-block-heading has-body-font-family has-medium-font-size\">Contacto<\/h3>\n\n\n\n<p><a href=\"#\">info@dominio.es<\/a><\/p>\n<\/div>\n<\/div>\n\n\n\n<div class=\"wp-block-column is-layout-flow wp-block-column-is-layout-flow\" style=\"flex-basis:30%\">\n<div class=\"wp-block-columns is-not-stacked-on-mobile is-layout-flex wp-container-core-columns-is-layout-28f84493 wp-block-columns-is-layout-flex\">\n<div class=\"wp-block-column is-layout-flow wp-block-column-is-layout-flow\">\n<div class=\"wp-block-group is-vertical is-layout-flex wp-container-core-group-is-layout-ea0cb840 wp-block-group-is-layout-flex\">\n<h3 class=\"wp-block-heading has-body-font-family has-medium-font-size\">Seguir<\/h3>\n\n\n\n<p><a href=\"#\">Instagram<\/a> \/ <a href=\"#\">Facebook<\/a><\/p>\n<\/div>\n<\/div>\n<\/div>\n<\/div>\n<\/div>\n\n\n\n<div style=\"height:var(--wp--preset--spacing--50)\" aria-hidden=\"true\" class=\"wp-block-spacer\"><\/div>\n\n\n\n<div class=\"wp-block-group is-content-justification-space-between is-layout-flex wp-container-core-group-is-layout-e5edad21 wp-block-group-is-layout-flex\">\n<div class=\"wp-block-group is-layout-flex wp-container-core-group-is-layout-fe1ad1e6 wp-block-group-is-layout-flex\">\n<p class=\"has-small-font-size\">\u00a9<\/p>\n\n\n<p style=\"font-style:normal;font-weight:400;\" class=\"wp-block-site-title has-small-font-size\"><a href=\"https:\/\/franquiciasymarcas.com\" target=\"_self\" rel=\"home\">Franquicias<\/a><\/p><\/div>\n\n\n\n<p class=\"has-small-font-size\">\n\t\t\t\tDise\u00f1ado con <a href=\"https:\/\/es.wordpress.org\" rel=\"nofollow\">WordPress<\/a>\t\t\t<\/p>\n<\/div>\n<\/div>\n<\/div>\n","protected":false},"excerpt":{"rendered":"<p>Crecimiento acelerado Al convertir tu marca en una franquicia, puedes experimentar un crecimiento acelerado al expandir r\u00e1pidamente tu presencia en diferentes ubicaciones y mercados. Esto te brinda la oportunidad de llegar a m\u00e1s clientes y aumentar tu alcance de manera significativa. Reducci\u00f3n de riesgos Al permitir que otros emprendedores operen bajo tu marca, compartes los [&hellip;]<\/p>\n","protected":false},"author":1,"featured_media":0,"parent":0,"menu_order":0,"comment_status":"closed","ping_status":"closed","template":"","meta":{"footnotes":""},"class_list":["post-68","page","type-page","status-publish","hentry"],"yoast_head":"<!-- This site is optimized with the Yoast SEO plugin v27.3 - https:\/\/yoast.com\/product\/yoast-seo-wordpress\/ -->\n<title>Beneficios - Franquicias<\/title>\n<meta name=\"robots\" content=\"index, follow, max-snippet:-1, max-image-preview:large, max-video-preview:-1\" \/>\n<link rel=\"canonical\" href=\"https:\/\/franquiciasymarcas.com\/?page_id=68\" \/>\n<meta property=\"og:locale\" content=\"es_ES\" \/>\n<meta property=\"og:type\" content=\"article\" \/>\n<meta property=\"og:title\" content=\"Beneficios - Franquicias\" \/>\n<meta property=\"og:description\" content=\"Crecimiento acelerado Al convertir tu marca en una franquicia, puedes experimentar un crecimiento acelerado al expandir r\u00e1pidamente tu presencia en diferentes ubicaciones y mercados. Esto te brinda la oportunidad de llegar a m\u00e1s clientes y aumentar tu alcance de manera significativa. Reducci\u00f3n de riesgos Al permitir que otros emprendedores operen bajo tu marca, compartes los [&hellip;]\" \/>\n<meta property=\"og:url\" content=\"https:\/\/franquiciasymarcas.com\/?page_id=68\" \/>\n<meta property=\"og:site_name\" content=\"Franquicias\" \/>\n<meta property=\"article:modified_time\" content=\"2023-11-21T12:58:45+00:00\" \/>\n<meta property=\"og:image\" content=\"https:\/\/franquiciasymarcas.com\/wp-content\/uploads\/2023\/11\/7-1-1024x1024.png\" \/>\n<meta name=\"twitter:card\" content=\"summary_large_image\" \/>\n<meta name=\"twitter:label1\" content=\"Tiempo de lectura\" \/>\n\t<meta name=\"twitter:data1\" content=\"3 minutos\" \/>\n<script type=\"application\/ld+json\" class=\"yoast-schema-graph\">{\"@context\":\"https:\\\/\\\/schema.org\",\"@graph\":[{\"@type\":\"WebPage\",\"@id\":\"https:\\\/\\\/franquiciasymarcas.com\\\/?page_id=68\",\"url\":\"https:\\\/\\\/franquiciasymarcas.com\\\/?page_id=68\",\"name\":\"Beneficios - Franquicias\",\"isPartOf\":{\"@id\":\"https:\\\/\\\/franquiciasymarcas.com\\\/#website\"},\"primaryImageOfPage\":{\"@id\":\"https:\\\/\\\/franquiciasymarcas.com\\\/?page_id=68#primaryimage\"},\"image\":{\"@id\":\"https:\\\/\\\/franquiciasymarcas.com\\\/?page_id=68#primaryimage\"},\"thumbnailUrl\":\"https:\\\/\\\/franquiciasymarcas.com\\\/wp-content\\\/uploads\\\/2023\\\/11\\\/7-1-1024x1024.png\",\"datePublished\":\"2023-11-20T12:02:50+00:00\",\"dateModified\":\"2023-11-21T12:58:45+00:00\",\"breadcrumb\":{\"@id\":\"https:\\\/\\\/franquiciasymarcas.com\\\/?page_id=68#breadcrumb\"},\"inLanguage\":\"es\",\"potentialAction\":[{\"@type\":\"ReadAction\",\"target\":[\"https:\\\/\\\/franquiciasymarcas.com\\\/?page_id=68\"]}]},{\"@type\":\"ImageObject\",\"inLanguage\":\"es\",\"@id\":\"https:\\\/\\\/franquiciasymarcas.com\\\/?page_id=68#primaryimage\",\"url\":\"https:\\\/\\\/franquiciasymarcas.com\\\/wp-content\\\/uploads\\\/2023\\\/11\\\/7-1.png\",\"contentUrl\":\"https:\\\/\\\/franquiciasymarcas.com\\\/wp-content\\\/uploads\\\/2023\\\/11\\\/7-1.png\",\"width\":1080,\"height\":1080},{\"@type\":\"BreadcrumbList\",\"@id\":\"https:\\\/\\\/franquiciasymarcas.com\\\/?page_id=68#breadcrumb\",\"itemListElement\":[{\"@type\":\"ListItem\",\"position\":1,\"name\":\"Portada\",\"item\":\"https:\\\/\\\/franquiciasymarcas.com\\\/\"},{\"@type\":\"ListItem\",\"position\":2,\"name\":\"Beneficios\"}]},{\"@type\":\"WebSite\",\"@id\":\"https:\\\/\\\/franquiciasymarcas.com\\\/#website\",\"url\":\"https:\\\/\\\/franquiciasymarcas.com\\\/\",\"name\":\"Franquicias\",\"description\":\"\",\"potentialAction\":[{\"@type\":\"SearchAction\",\"target\":{\"@type\":\"EntryPoint\",\"urlTemplate\":\"https:\\\/\\\/franquiciasymarcas.com\\\/?s={search_term_string}\"},\"query-input\":{\"@type\":\"PropertyValueSpecification\",\"valueRequired\":true,\"valueName\":\"search_term_string\"}}],\"inLanguage\":\"es\"}]}<\/script>\n<!-- \/ Yoast SEO plugin. -->","yoast_head_json":{"title":"Beneficios - Franquicias","robots":{"index":"index","follow":"follow","max-snippet":"max-snippet:-1","max-image-preview":"max-image-preview:large","max-video-preview":"max-video-preview:-1"},"canonical":"https:\/\/franquiciasymarcas.com\/?page_id=68","og_locale":"es_ES","og_type":"article","og_title":"Beneficios - Franquicias","og_description":"Crecimiento acelerado Al convertir tu marca en una franquicia, puedes experimentar un crecimiento acelerado al expandir r\u00e1pidamente tu presencia en diferentes ubicaciones y mercados. Esto te brinda la oportunidad de llegar a m\u00e1s clientes y aumentar tu alcance de manera significativa. Reducci\u00f3n de riesgos Al permitir que otros emprendedores operen bajo tu marca, compartes los [&hellip;]","og_url":"https:\/\/franquiciasymarcas.com\/?page_id=68","og_site_name":"Franquicias","article_modified_time":"2023-11-21T12:58:45+00:00","og_image":[{"url":"https:\/\/franquiciasymarcas.com\/wp-content\/uploads\/2023\/11\/7-1-1024x1024.png","type":"","width":"","height":""}],"twitter_card":"summary_large_image","twitter_misc":{"Tiempo de lectura":"3 minutos"},"schema":{"@context":"https:\/\/schema.org","@graph":[{"@type":"WebPage","@id":"https:\/\/franquiciasymarcas.com\/?page_id=68","url":"https:\/\/franquiciasymarcas.com\/?page_id=68","name":"Beneficios - Franquicias","isPartOf":{"@id":"https:\/\/franquiciasymarcas.com\/#website"},"primaryImageOfPage":{"@id":"https:\/\/franquiciasymarcas.com\/?page_id=68#primaryimage"},"image":{"@id":"https:\/\/franquiciasymarcas.com\/?page_id=68#primaryimage"},"thumbnailUrl":"https:\/\/franquiciasymarcas.com\/wp-content\/uploads\/2023\/11\/7-1-1024x1024.png","datePublished":"2023-11-20T12:02:50+00:00","dateModified":"2023-11-21T12:58:45+00:00","breadcrumb":{"@id":"https:\/\/franquiciasymarcas.com\/?page_id=68#breadcrumb"},"inLanguage":"es","potentialAction":[{"@type":"ReadAction","target":["https:\/\/franquiciasymarcas.com\/?page_id=68"]}]},{"@type":"ImageObject","inLanguage":"es","@id":"https:\/\/franquiciasymarcas.com\/?page_id=68#primaryimage","url":"https:\/\/franquiciasymarcas.com\/wp-content\/uploads\/2023\/11\/7-1.png","contentUrl":"https:\/\/franquiciasymarcas.com\/wp-content\/uploads\/2023\/11\/7-1.png","width":1080,"height":1080},{"@type":"BreadcrumbList","@id":"https:\/\/franquiciasymarcas.com\/?page_id=68#breadcrumb","itemListElement":[{"@type":"ListItem","position":1,"name":"Portada","item":"https:\/\/franquiciasymarcas.com\/"},{"@type":"ListItem","position":2,"name":"Beneficios"}]},{"@type":"WebSite","@id":"https:\/\/franquiciasymarcas.com\/#website","url":"https:\/\/franquiciasymarcas.com\/","name":"Franquicias","description":"","potentialAction":[{"@type":"SearchAction","target":{"@type":"EntryPoint","urlTemplate":"https:\/\/franquiciasymarcas.com\/?s={search_term_string}"},"query-input":{"@type":"PropertyValueSpecification","valueRequired":true,"valueName":"search_term_string"}}],"inLanguage":"es"}]}},"_links":{"self":[{"href":"https:\/\/franquiciasymarcas.com\/index.php?rest_route=\/wp\/v2\/pages\/68","targetHints":{"allow":["GET"]}}],"collection":[{"href":"https:\/\/franquiciasymarcas.com\/index.php?rest_route=\/wp\/v2\/pages"}],"about":[{"href":"https:\/\/franquiciasymarcas.com\/index.php?rest_route=\/wp\/v2\/types\/page"}],"author":[{"embeddable":true,"href":"https:\/\/franquiciasymarcas.com\/index.php?rest_route=\/wp\/v2\/users\/1"}],"replies":[{"embeddable":true,"href":"https:\/\/franquiciasymarcas.com\/index.php?rest_route=%2Fwp%2Fv2%2Fcomments&post=68"}],"version-history":[{"count":3,"href":"https:\/\/franquiciasymarcas.com\/index.php?rest_route=\/wp\/v2\/pages\/68\/revisions"}],"predecessor-version":[{"id":176,"href":"https:\/\/franquiciasymarcas.com\/index.php?rest_route=\/wp\/v2\/pages\/68\/revisions\/176"}],"wp:attachment":[{"href":"https:\/\/franquiciasymarcas.com\/index.php?rest_route=%2Fwp%2Fv2%2Fmedia&parent=68"}],"curies":[{"name":"wp","href":"https:\/\/api.w.org\/{rel}","templated":true}]}}